{"id":258,"date":"2018-12-12T14:52:20","date_gmt":"2018-12-12T14:52:20","guid":{"rendered":"http:\/\/abschleppdienst-sluka.eu\/?page_id=258"},"modified":"2021-04-02T18:59:04","modified_gmt":"2021-04-02T18:59:04","slug":"karriere","status":"publish","type":"page","link":"http:\/\/abschleppdienst-sluka.eu\/?page_id=258","title":{"rendered":"Karriere"},"content":{"rendered":"\n<h1>Jobs beim Abschleppdienst<\/h1>\n\n\n\n<h2>Sie suchen nach einer neuen Herausforderung?<\/h2>\n\n\n\n<p>F\u00fcr unsere Standorte in Sonsbeck und Duisburg sind wir immer wieder auf der Suche nach Menschen, mit Liebe f\u00fcr Autos, denen Kundenservice und Umgang mit Menschen wichtig sind. Im Idealfall verf\u00fcgen Sie bereits \u00fcber die C1E Fahrerlaubnis.<\/p>\n\n\n\n<p>Sie arbeiten gerne im Team? Wir bieten Ihnen ein famili\u00e4res und sicheres Arbeitsumfeld!<\/p>\n\n\n\n<p>Falls wir Ihr Interesse wecken konnten, dann schreiben Sie uns gern ein Initiativ-Bewerbung an:<br><br><strong>F\u00fcr den Standort Sonsbeck<\/strong><\/p>\n\n\n\n<p>Reinhold Sluka\u00a0oder Dennis Sluka<br>Tel: 02838 \/ 91777<br>Email: info@asd-sluka.de<\/p>\n\n\n\n<p><strong>F\u00fcr den Standort Duisburg<\/strong><\/p>\n\n\n\n<p>Steven Beck\u00a0oder\u00a0Roland Berkenhaus<br>Tel: 0203 \/ 36350614<br>Email: duisburg@asd-sluka.de<br><\/p>\n","protected":false},"excerpt":{"rendered":"<p>Jobs beim Abschleppdienst Sie suchen nach einer neuen Herausforderung? F\u00fcr unsere Standorte in Sonsbeck und Duisburg sind wir immer wieder auf der Suche nach Menschen, mit Liebe f\u00fcr Autos, denen Kundenservice und Umgang mit Menschen wichtig sind. Im Idealfall verf\u00fcgen Sie bereits \u00fcber die C1E Fahrerlaubnis. Sie arbeiten gerne im Team? Wir bieten Ihnen ein &hellip; <\/p>\n<p class=\"link-more\"><a href=\"http:\/\/abschleppdienst-sluka.eu\/?page_id=258\" class=\"more-link\"><span class=\"screen-reader-text\">\u201eKarriere\u201c<\/span> weiterlesen<\/a><\/p>\n","protected":false},"author":2,"featured_media":0,"parent":0,"menu_order":0,"comment_status":"closed","ping_status":"closed","template":"","meta":[],"_links":{"self":[{"href":"http:\/\/abschleppdienst-sluka.eu\/index.php?rest_route=\/wp\/v2\/pages\/258"}],"collection":[{"href":"http:\/\/abschleppdienst-sluka.eu\/index.php?rest_route=\/wp\/v2\/pages"}],"about":[{"href":"http:\/\/abschleppdienst-sluka.eu\/index.php?rest_route=\/wp\/v2\/types\/page"}],"author":[{"embeddable":true,"href":"http:\/\/abschleppdienst-sluka.eu\/index.php?rest_route=\/wp\/v2\/users\/2"}],"replies":[{"embeddable":true,"href":"http:\/\/abschleppdienst-sluka.eu\/index.php?rest_route=%2Fwp%2Fv2%2Fcomments&post=258"}],"version-history":[{"count":5,"href":"http:\/\/abschleppdienst-sluka.eu\/index.php?rest_route=\/wp\/v2\/pages\/258\/revisions"}],"predecessor-version":[{"id":656,"href":"http:\/\/abschleppdienst-sluka.eu\/index.php?rest_route=\/wp\/v2\/pages\/258\/revisions\/656"}],"wp:attachment":[{"href":"http:\/\/abschleppdienst-sluka.eu\/index.php?rest_route=%2Fwp%2Fv2%2Fmedia&parent=258"}],"curies":[{"name":"wp","href":"https:\/\/api.w.org\/{rel}","templated":true}]}}