{"id":647,"date":"2021-05-11T16:25:58","date_gmt":"2021-05-11T16:25:58","guid":{"rendered":"http:\/\/abschleppdienst-sluka.eu\/?page_id=647"},"modified":"2021-05-15T15:13:43","modified_gmt":"2021-05-15T15:13:43","slug":"abschleppdienst","status":"publish","type":"page","link":"http:\/\/abschleppdienst-sluka.eu\/?page_id=647","title":{"rendered":"Abschleppdienst"},"content":{"rendered":"\n\n\n<p>Der Abschleppdienst Sluka ist darauf spezialisiert, Abschleppungen von PKW\u00b4s bis zu gr\u00f6\u00dferen LKW\u00b4s vorzunehmen. Dies zeichnet sich durch ein gut geschultes Personal, sowie ein gut ausger\u00fcsteter Fuhrpark aus.<\/p>\n\n\n\n<p>Wir sind Ihr Ansprechpartner, wenn Sie mit Ihrem Fahrzeug in eine Notlage geraten und nicht weiterfahren k\u00f6nnen. Ob nach einem Verkehrsunfall oder nach einer Panne, wir k\u00fcmmern uns um die gesamte Abwicklung. An unserem Standort in Sonsbeck sind wir sogar als Mobilit\u00e4tspartner des ADAC im Einsatz. <\/p>\n\n\n\n<p>Was wir Ihnen bieten:<\/p>\n\n\n\n<ul><li>Transport Ihres Fahrzeugs nach einer Panne<\/li><li>Fahrzeugbergung nach einem Unfall<\/li><li>Bereitstellung und Verleih von Ersatzwagen nach einer Panne oder einem Unfall<\/li><li>Abschleppma\u00dfnahmen bei gegenw\u00e4rtigen Gefahren f\u00fcr die \u00f6ffentliche Sicherheit nach Veranlassung durch die st\u00e4dtischen Verkehrs\u00fcberwachungskr\u00e4fte<\/li><\/ul>\n\n\n\n<p>Bei Fragen stehen wir Ihnen gern zur Verf\u00fcgung.<\/p>\n\n\n","protected":false},"excerpt":{"rendered":"<p>Der Abschleppdienst Sluka ist darauf spezialisiert, Abschleppungen von PKW\u00b4s bis zu gr\u00f6\u00dferen LKW\u00b4s vorzunehmen. Dies zeichnet sich durch ein gut geschultes Personal, sowie ein gut ausger\u00fcsteter Fuhrpark aus. Wir sind Ihr Ansprechpartner, wenn Sie mit Ihrem Fahrzeug in eine Notlage geraten und nicht weiterfahren k\u00f6nnen. Ob nach einem Verkehrsunfall oder nach einer Panne, wir k\u00fcmmern &hellip; <\/p>\n<p class=\"link-more\"><a href=\"http:\/\/abschleppdienst-sluka.eu\/?page_id=647\" class=\"more-link\"><span class=\"screen-reader-text\">\u201eAbschleppdienst\u201c<\/span> weiterlesen<\/a><\/p>\n","protected":false},"author":2,"featured_media":740,"parent":0,"menu_order":0,"comment_status":"closed","ping_status":"closed","template":"","meta":[],"_links":{"self":[{"href":"http:\/\/abschleppdienst-sluka.eu\/index.php?rest_route=\/wp\/v2\/pages\/647"}],"collection":[{"href":"http:\/\/abschleppdienst-sluka.eu\/index.php?rest_route=\/wp\/v2\/pages"}],"about":[{"href":"http:\/\/abschleppdienst-sluka.eu\/index.php?rest_route=\/wp\/v2\/types\/page"}],"author":[{"embeddable":true,"href":"http:\/\/abschleppdienst-sluka.eu\/index.php?rest_route=\/wp\/v2\/users\/2"}],"replies":[{"embeddable":true,"href":"http:\/\/abschleppdienst-sluka.eu\/index.php?rest_route=%2Fwp%2Fv2%2Fcomments&post=647"}],"version-history":[{"count":1,"href":"http:\/\/abschleppdienst-sluka.eu\/index.php?rest_route=\/wp\/v2\/pages\/647\/revisions"}],"predecessor-version":[{"id":648,"href":"http:\/\/abschleppdienst-sluka.eu\/index.php?rest_route=\/wp\/v2\/pages\/647\/revisions\/648"}],"wp:featuredmedia":[{"embeddable":true,"href":"http:\/\/abschleppdienst-sluka.eu\/index.php?rest_route=\/wp\/v2\/media\/740"}],"wp:attachment":[{"href":"http:\/\/abschleppdienst-sluka.eu\/index.php?rest_route=%2Fwp%2Fv2%2Fmedia&parent=647"}],"curies":[{"name":"wp","href":"https:\/\/api.w.org\/{rel}","templated":true}]}}