{"id":649,"date":"2021-05-11T16:32:37","date_gmt":"2021-05-11T16:32:37","guid":{"rendered":"http:\/\/abschleppdienst-sluka.eu\/?page_id=649"},"modified":"2021-05-15T16:10:45","modified_gmt":"2021-05-15T16:10:45","slug":"bergung","status":"publish","type":"page","link":"http:\/\/abschleppdienst-sluka.eu\/?page_id=649","title":{"rendered":"Bergung"},"content":{"rendered":"\n<p>Sind Sie mit ihrem PKW oder LKW von der Fahrbahn abgekommen? Kein Problem f\u00fcr uns. Unsere Bergungsplateaus von 3,5T \u2013 18T zGG bringen Sie sicher auf die Stra\u00dfe zur\u00fcck. Mit unseren AWU&#8217;s und ausreichendem Equipment k\u00f6nnen wir alle Art von LKW&#8217;s inklusive Ladung bergen.<\/p>\n\n\n\n<p>Unser geschultes Personal bringt Sie mit unseren sehr gut ausgestatteten Fuhrpark und Equipment schnell wieder ins rollen. <\/p>\n\n\n\n<p>Zu unseren Leistungen z\u00e4hlt:<\/p>\n\n\n\n<ul><li>LKW-Bergung<\/li><li>Ladungsbergung<\/li><li>Unfallstellenreinigung <\/li><li>sach-, &nbsp;fach-, und umweltgerechte Entsorgung Ihrer Ladung<\/li><\/ul>\n\n\n\n<figure class=\"wp-container-2 wp-block-gallery-1 wp-block-gallery columns-3 is-cropped\"><ul class=\"blocks-gallery-grid\"><li class=\"blocks-gallery-item\"><figure><img loading=\"lazy\" width=\"500\" height=\"440\" src=\"http:\/\/abschleppdienst-sluka.eu\/wp-content\/uploads\/2018\/02\/Kran01.jpg\" alt=\"\" data-id=\"46\" data-full-url=\"http:\/\/abschleppdienst-sluka.eu\/wp-content\/uploads\/2018\/02\/Kran01.jpg\" data-link=\"http:\/\/abschleppdienst-sluka.eu\/?attachment_id=46\" class=\"wp-image-46\" srcset=\"http:\/\/abschleppdienst-sluka.eu\/wp-content\/uploads\/2018\/02\/Kran01.jpg 500w, http:\/\/abschleppdienst-sluka.eu\/wp-content\/uploads\/2018\/02\/Kran01-300x264.jpg 300w\" sizes=\"(max-width: 500px) 100vw, 500px\" \/><\/figure><\/li><li class=\"blocks-gallery-item\"><figure><img loading=\"lazy\" width=\"400\" height=\"576\" src=\"http:\/\/abschleppdienst-sluka.eu\/wp-content\/uploads\/2018\/02\/Kran02.2-e1520093321912.jpg\" alt=\"\" data-id=\"47\" data-full-url=\"http:\/\/abschleppdienst-sluka.eu\/wp-content\/uploads\/2018\/02\/Kran02.2-e1520093321912.jpg\" data-link=\"http:\/\/abschleppdienst-sluka.eu\/?attachment_id=47\" class=\"wp-image-47\"\/><\/figure><\/li><li class=\"blocks-gallery-item\"><figure><img loading=\"lazy\" width=\"1020\" height=\"757\" src=\"http:\/\/abschleppdienst-sluka.eu\/wp-content\/uploads\/2019\/03\/2-1.jpg\" alt=\"\" data-id=\"437\" data-full-url=\"http:\/\/abschleppdienst-sluka.eu\/wp-content\/uploads\/2019\/03\/2-1.jpg\" data-link=\"http:\/\/abschleppdienst-sluka.eu\/?attachment_id=437\" class=\"wp-image-437\" srcset=\"http:\/\/abschleppdienst-sluka.eu\/wp-content\/uploads\/2019\/03\/2-1.jpg 1020w, http:\/\/abschleppdienst-sluka.eu\/wp-content\/uploads\/2019\/03\/2-1-300x223.jpg 300w, http:\/\/abschleppdienst-sluka.eu\/wp-content\/uploads\/2019\/03\/2-1-768x570.jpg 768w\" sizes=\"(max-width: 767px) 89vw, (max-width: 1000px) 54vw, (max-width: 1071px) 543px, 580px\" \/><\/figure><\/li><\/ul><\/figure>\n\n\n\n<p>Sollten hierzu Fragen bei Ihnen entstehen, dann kommen Sie gern auf uns zu.<\/p>\n","protected":false},"excerpt":{"rendered":"<p>Sind Sie mit ihrem PKW oder LKW von der Fahrbahn abgekommen? Kein Problem f\u00fcr uns. Unsere Bergungsplateaus von 3,5T \u2013 18T zGG bringen Sie sicher auf die Stra\u00dfe zur\u00fcck. Mit unseren AWU&#8217;s und ausreichendem Equipment k\u00f6nnen wir alle Art von LKW&#8217;s inklusive Ladung bergen. Unser geschultes Personal bringt Sie mit unseren sehr gut ausgestatteten Fuhrpark &hellip; <\/p>\n<p class=\"link-more\"><a href=\"http:\/\/abschleppdienst-sluka.eu\/?page_id=649\" class=\"more-link\"><span class=\"screen-reader-text\">\u201eBergung\u201c<\/span> weiterlesen<\/a><\/p>\n","protected":false},"author":2,"featured_media":740,"parent":0,"menu_order":0,"comment_status":"closed","ping_status":"closed","template":"","meta":[],"_links":{"self":[{"href":"http:\/\/abschleppdienst-sluka.eu\/index.php?rest_route=\/wp\/v2\/pages\/649"}],"collection":[{"href":"http:\/\/abschleppdienst-sluka.eu\/index.php?rest_route=\/wp\/v2\/pages"}],"about":[{"href":"http:\/\/abschleppdienst-sluka.eu\/index.php?rest_route=\/wp\/v2\/types\/page"}],"author":[{"embeddable":true,"href":"http:\/\/abschleppdienst-sluka.eu\/index.php?rest_route=\/wp\/v2\/users\/2"}],"replies":[{"embeddable":true,"href":"http:\/\/abschleppdienst-sluka.eu\/index.php?rest_route=%2Fwp%2Fv2%2Fcomments&post=649"}],"version-history":[{"count":6,"href":"http:\/\/abschleppdienst-sluka.eu\/index.php?rest_route=\/wp\/v2\/pages\/649\/revisions"}],"predecessor-version":[{"id":779,"href":"http:\/\/abschleppdienst-sluka.eu\/index.php?rest_route=\/wp\/v2\/pages\/649\/revisions\/779"}],"wp:featuredmedia":[{"embeddable":true,"href":"http:\/\/abschleppdienst-sluka.eu\/index.php?rest_route=\/wp\/v2\/media\/740"}],"wp:attachment":[{"href":"http:\/\/abschleppdienst-sluka.eu\/index.php?rest_route=%2Fwp%2Fv2%2Fmedia&parent=649"}],"curies":[{"name":"wp","href":"https:\/\/api.w.org\/{rel}","templated":true}]}}