{"id":732,"date":"2021-05-15T14:32:29","date_gmt":"2021-05-15T14:32:29","guid":{"rendered":"http:\/\/abschleppdienst-sluka.eu\/?page_id=732"},"modified":"2021-05-15T15:12:32","modified_gmt":"2021-05-15T15:12:32","slug":"willkommen-auf-der-homepage-vom-abschleppdienst-sluka-gmbh","status":"publish","type":"page","link":"http:\/\/abschleppdienst-sluka.eu\/","title":{"rendered":"Willkommen auf der Homepage vom Abschleppdienst Sluka GmbH"},"content":{"rendered":"\n<h2>Ihr Dienstleister im Rhein \/ Ruhr &#8211; Gebiet<\/h2>\n\n\n\n<p>Auf unserer Homepage finden Sie alle relevanten Informationen zu unseren Betrieben in Sonsbeck am Niederrhein und Duisburg. Erfahren Sie mehr \u00fcber uns als <a href=\"http:\/\/abschleppdienst-sluka.eu\/?page_id=637\" target=\"_blank\" rel=\"noopener\">Unternehmen<\/a> oder unseren vielf\u00e4ltigen Dienstleistungen.<\/p>\n<p>Unsere Angebote in der \u00dcbersicht:<\/p>\n<ul>\n<li><a href=\"http:\/\/abschleppdienst-sluka.eu\/?page_id=647\" target=\"_blank\" rel=\"noopener\">Abschleppen<\/a><\/li>\n<li><a href=\"http:\/\/abschleppdienst-sluka.eu\/?page_id=649\" target=\"_blank\" rel=\"noopener\">Bergen<\/a><\/li>\n<li>Pickup \/ Transport<\/li>\n<li>Schadensabwicklung mit den Versicherungen<\/li>\n<li>Kfz-Gutachter<\/li>\n<li><a href=\"http:\/\/abschleppdienst-sluka.eu\/?page_id=653\" target=\"_blank\" rel=\"noopener\">Unfallersatzfahrzeuge \/ Vermietung<\/a><\/li>\n<li>Kfz-Entsorgung<\/li>\n<li><a href=\"http:\/\/abschleppdienst-sluka.eu\/?page_id=651\" target=\"_blank\" rel=\"noopener\">Verkehrsfl\u00e4chenreinigung \/ Erdreichsanierung<\/a><\/li>\n<\/ul>\n<p>Bei Fragen stehen wir Ihnen zu unseren Gesch\u00e4ftszeiten telefonisch oder per Mail zu erreichen.<\/p>\n<p>Unser Abschleppdienst steht Ihnen nat\u00fcrlich an 24Std. \/ 365 Tage im Jahr zur Verf\u00fcgung.<\/p>\n<p>Ihr Team vom<\/p>\n<p><em>Abschleppdienst Sluka Gmbh<\/em><\/p>\n\n\n<div class=\"locations\"><div class=\"location noPhoto\"><h3>Standort Duisburg<\/h3><div class=\"address\"><div class=\"addr\">Kasslerfelderstrasse 111<\/div><div class=\"city_state_zip\"><span class=\"city\">Duisburg<\/span>, <span class=\"state\">Nordrhein-Westfalen<\/span> <span class=\"zipcode\">47059<\/span><\/div><\/div><div class=\"phone-wrapper\"><strong>Phone:<\/strong> <span class=\"num phone\">0203\/36350614<\/span><\/div><div class=\"fax-wrapper\"><strong>Fax:<\/strong> <span class=\"num fax\">0203\/36359996<\/span><\/div><div class=\"map_link\"><a href=\"https:\/\/maps.google.com\/maps?saddr=current+location&#038;daddr=Kasslerfelderstrasse+111+Duisburg%2C+Nordrhein-Westfalen+47059\">Directions<\/a> <span class=\"divider\">|<\/span> <a class=\"email\" href=\"mailto:duisburg@asd-sluka.de\">Email<\/a> <span class=\"divider\">|<\/span> <a class=\"website\" href=\"http:\/\/abschleppdienst-sluka.eu\/\">Website<\/a> <span class=\"divider\">|<\/span> <a href=\"https:\/\/maps.google.com\/?q=Kasslerfelderstrasse+111+Duisburg%2C+Nordrhein-Westfalen+47059\">View Full Map<\/a><\/div><div class=\"locations_gmap\"><iframe loading=\"lazy\" width=\"425px\" height=\"350\" frameborder=\"0\" scrolling=\"no\" marginheight=\"0\" marginwidth=\"0\" src=\"https:\/\/maps.google.com\/maps?f=q&amp;source=s_q&amp;hl=en&amp;geocode=&amp;q=Kasslerfelderstrasse 111, , Duisburg, Nordrhein-Westfalen, 47059&amp;t=h&amp;ie=UTF8&amp;hq=&amp;hnear=Kasslerfelderstrasse 111, , Duisburg, Nordrhein-Westfalen, 47059&amp;z=14&amp;output=embed\"><\/iframe><\/div><\/div><div class=\"location noPhoto\"><h3>Standort Sonsbeck<\/h3><div class=\"address\"><div class=\"addr\">Zur Licht 15<\/div><div class=\"city_state_zip\"><span class=\"city\">Sonsbeck<\/span>, <span class=\"state\"><\/span> <span class=\"zipcode\">47665<\/span><\/div><\/div><div class=\"phone-wrapper\"><strong>Phone:<\/strong> <span class=\"num phone\">02838 \/ 91777<\/span><\/div><div class=\"fax-wrapper\"><strong>Fax:<\/strong> <span class=\"num fax\">02838 \/ 91779<\/span><\/div><div class=\"map_link\"><a href=\"https:\/\/maps.google.com\/maps?saddr=current+location&#038;daddr=Zur+Licht+15+Sonsbeck%2C++47665\">Directions<\/a> <span class=\"divider\">|<\/span> <a class=\"email\" href=\"mailto:info@asd-sluka.de\">Email<\/a> <span class=\"divider\">|<\/span> <a class=\"website\" href=\"http:\/\/abschleppdienst-sluka.eu\/\">Website<\/a> <span class=\"divider\">|<\/span> <a href=\"https:\/\/maps.google.com\/?q=Zur+Licht+15+Sonsbeck%2C++47665\">View Full Map<\/a><\/div><div class=\"locations_gmap\"><iframe loading=\"lazy\" width=\"425px\" height=\"350\" frameborder=\"0\" scrolling=\"no\" marginheight=\"0\" marginwidth=\"0\" src=\"https:\/\/maps.google.com\/maps?f=q&amp;source=s_q&amp;hl=en&amp;geocode=&amp;q=Zur Licht 15, , Sonsbeck, , 47665&amp;t=h&amp;ie=UTF8&amp;hq=&amp;hnear=Zur Licht 15, , Sonsbeck, , 47665&amp;z=14&amp;output=embed\"><\/iframe><\/div><\/div><\/div>\n\n","protected":false},"excerpt":{"rendered":"<p>Ihr Dienstleister im Rhein \/ Ruhr &#8211; Gebiet Auf unserer Homepage finden Sie alle relevanten Informationen zu unseren Betrieben in Sonsbeck am Niederrhein und Duisburg. Erfahren Sie mehr \u00fcber uns als Unternehmen oder unseren vielf\u00e4ltigen Dienstleistungen. Unsere Angebote in der \u00dcbersicht: Abschleppen Bergen Pickup \/ Transport Schadensabwicklung mit den Versicherungen Kfz-Gutachter Unfallersatzfahrzeuge \/ Vermietung Kfz-Entsorgung &hellip; <\/p>\n<p class=\"link-more\"><a href=\"http:\/\/abschleppdienst-sluka.eu\/\" class=\"more-link\"><span class=\"screen-reader-text\">\u201eWillkommen auf der Homepage vom Abschleppdienst Sluka GmbH\u201c<\/span> weiterlesen<\/a><\/p>\n","protected":false},"author":2,"featured_media":740,"parent":0,"menu_order":0,"comment_status":"closed","ping_status":"closed","template":"","meta":[],"_links":{"self":[{"href":"http:\/\/abschleppdienst-sluka.eu\/index.php?rest_route=\/wp\/v2\/pages\/732"}],"collection":[{"href":"http:\/\/abschleppdienst-sluka.eu\/index.php?rest_route=\/wp\/v2\/pages"}],"about":[{"href":"http:\/\/abschleppdienst-sluka.eu\/index.php?rest_route=\/wp\/v2\/types\/page"}],"author":[{"embeddable":true,"href":"http:\/\/abschleppdienst-sluka.eu\/index.php?rest_route=\/wp\/v2\/users\/2"}],"replies":[{"embeddable":true,"href":"http:\/\/abschleppdienst-sluka.eu\/index.php?rest_route=%2Fwp%2Fv2%2Fcomments&post=732"}],"version-history":[{"count":2,"href":"http:\/\/abschleppdienst-sluka.eu\/index.php?rest_route=\/wp\/v2\/pages\/732\/revisions"}],"predecessor-version":[{"id":735,"href":"http:\/\/abschleppdienst-sluka.eu\/index.php?rest_route=\/wp\/v2\/pages\/732\/revisions\/735"}],"wp:featuredmedia":[{"embeddable":true,"href":"http:\/\/abschleppdienst-sluka.eu\/index.php?rest_route=\/wp\/v2\/media\/740"}],"wp:attachment":[{"href":"http:\/\/abschleppdienst-sluka.eu\/index.php?rest_route=%2Fwp%2Fv2%2Fmedia&parent=732"}],"curies":[{"name":"wp","href":"https:\/\/api.w.org\/{rel}","templated":true}]}}